{"id":1218,"date":"2024-01-09T11:19:25","date_gmt":"2024-01-09T11:19:25","guid":{"rendered":"https:\/\/azimsocks.com\/produktion\/"},"modified":"2024-05-03T09:54:13","modified_gmt":"2024-05-03T09:54:13","slug":"produktion","status":"publish","type":"page","link":"https:\/\/azimsocks.com\/de\/produktion\/","title":{"rendered":"Produktion"},"content":{"rendered":"\t\t<div data-elementor-type=\"wp-page\" data-elementor-id=\"1218\" class=\"elementor elementor-1218 elementor-289\" data-elementor-post-type=\"page\">\n\t\t\t\t\t\t<section class=\"elementor-section elementor-top-section elementor-element elementor-element-d0a22a0 elementor-section-boxed elementor-section-height-default elementor-section-height-default\" data-id=\"d0a22a0\" data-element_type=\"section\" data-e-type=\"section\" data-settings=\"{&quot;background_background&quot;:&quot;classic&quot;}\">\n\t\t\t\t\t\t\t<div class=\"elementor-background-overlay\"><\/div>\n\t\t\t\t\t\t\t<div class=\"elementor-container elementor-column-gap-default\">\n\t\t\t\t\t<div class=\"elementor-column elementor-col-100 elementor-top-column elementor-element elementor-element-dcd4a1e\" data-id=\"dcd4a1e\" data-element_type=\"column\" data-e-type=\"column\">\n\t\t\t<div class=\"elementor-widget-wrap elementor-element-populated\">\n\t\t\t\t\t\t<div class=\"elementor-element elementor-element-8c1fc10 elementor-icon-list--layout-inline elementor-align-center elementor-list-item-link-full_width elementor-invisible elementor-widget elementor-widget-icon-list\" data-id=\"8c1fc10\" data-element_type=\"widget\" data-e-type=\"widget\" data-settings=\"{&quot;_animation&quot;:&quot;fadeInLeft&quot;}\" data-widget_type=\"icon-list.default\">\n\t\t\t\t<div class=\"elementor-widget-container\">\n\t\t\t\t\t\t\t<ul class=\"elementor-icon-list-items elementor-inline-items\">\n\t\t\t\t\t\t\t<li class=\"elementor-icon-list-item elementor-inline-item\">\n\t\t\t\t\t\t\t\t\t\t\t<a href=\"https:\/\/azimsocks.com\/de\/\">\n\n\t\t\t\t\t\t\t\t\t\t\t\t<span class=\"elementor-icon-list-icon\">\n\t\t\t\t\t\t\t<svg aria-hidden=\"true\" class=\"e-font-icon-svg e-fas-home\" viewBox=\"0 0 576 512\" xmlns=\"http:\/\/www.w3.org\/2000\/svg\"><path d=\"M280.37 148.26L96 300.11V464a16 16 0 0 0 16 16l112.06-.29a16 16 0 0 0 15.92-16V368a16 16 0 0 1 16-16h64a16 16 0 0 1 16 16v95.64a16 16 0 0 0 16 16.05L464 480a16 16 0 0 0 16-16V300L295.67 148.26a12.19 12.19 0 0 0-15.3 0zM571.6 251.47L488 182.56V44.05a12 12 0 0 0-12-12h-56a12 12 0 0 0-12 12v72.61L318.47 43a48 48 0 0 0-61 0L4.34 251.47a12 12 0 0 0-1.6 16.9l25.5 31A12 12 0 0 0 45.15 301l235.22-193.74a12.19 12.19 0 0 1 15.3 0L530.9 301a12 12 0 0 0 16.9-1.6l25.5-31a12 12 0 0 0-1.7-16.93z\"><\/path><\/svg>\t\t\t\t\t\t<\/span>\n\t\t\t\t\t\t\t\t\t\t<span class=\"elementor-icon-list-text\">Homepage<\/span>\n\t\t\t\t\t\t\t\t\t\t\t<\/a>\n\t\t\t\t\t\t\t\t\t<\/li>\n\t\t\t\t\t\t\t\t<li class=\"elementor-icon-list-item elementor-inline-item\">\n\t\t\t\t\t\t\t\t\t\t\t<a href=\"https:\/\/azimsocks.com\/de\/produktion\/\">\n\n\t\t\t\t\t\t\t\t\t\t\t\t<span class=\"elementor-icon-list-icon\">\n\t\t\t\t\t\t\t<svg aria-hidden=\"true\" class=\"e-font-icon-svg e-fas-chevron-right\" viewBox=\"0 0 320 512\" xmlns=\"http:\/\/www.w3.org\/2000\/svg\"><path d=\"M285.476 272.971L91.132 467.314c-9.373 9.373-24.569 9.373-33.941 0l-22.667-22.667c-9.357-9.357-9.375-24.522-.04-33.901L188.505 256 34.484 101.255c-9.335-9.379-9.317-24.544.04-33.901l22.667-22.667c9.373-9.373 24.569-9.373 33.941 0L285.475 239.03c9.373 9.372 9.373 24.568.001 33.941z\"><\/path><\/svg>\t\t\t\t\t\t<\/span>\n\t\t\t\t\t\t\t\t\t\t<span class=\"elementor-icon-list-text\">Produktion<\/span>\n\t\t\t\t\t\t\t\t\t\t\t<\/a>\n\t\t\t\t\t\t\t\t\t<\/li>\n\t\t\t\t\t\t<\/ul>\n\t\t\t\t\t\t<\/div>\n\t\t\t\t<\/div>\n\t\t\t\t\t<\/div>\n\t\t<\/div>\n\t\t\t\t\t<\/div>\n\t\t<\/section>\n\t\t\t\t<section class=\"elementor-section elementor-top-section elementor-element elementor-element-6fecf63 elementor-section-boxed elementor-section-height-default elementor-section-height-default\" data-id=\"6fecf63\" data-element_type=\"section\" data-e-type=\"section\" data-settings=\"{&quot;background_background&quot;:&quot;gradient&quot;}\">\n\t\t\t\t\t\t<div class=\"elementor-container elementor-column-gap-default\">\n\t\t\t\t\t<div class=\"elementor-column elementor-col-100 elementor-top-column elementor-element elementor-element-9467c52\" data-id=\"9467c52\" data-element_type=\"column\" data-e-type=\"column\">\n\t\t\t<div class=\"elementor-widget-wrap elementor-element-populated\">\n\t\t\t\t\t\t<section class=\"elementor-section elementor-inner-section elementor-element elementor-element-946c1cd elementor-section-boxed elementor-section-height-default elementor-section-height-default elementor-invisible\" data-id=\"946c1cd\" data-element_type=\"section\" data-e-type=\"section\" data-settings=\"{&quot;animation&quot;:&quot;fadeInUp&quot;}\">\n\t\t\t\t\t\t<div class=\"elementor-container elementor-column-gap-default\">\n\t\t\t\t\t<div class=\"elementor-column elementor-col-50 elementor-inner-column elementor-element elementor-element-a8f4295\" data-id=\"a8f4295\" data-element_type=\"column\" data-e-type=\"column\" data-settings=\"{&quot;animation&quot;:&quot;none&quot;}\">\n\t\t\t<div class=\"elementor-widget-wrap elementor-element-populated\">\n\t\t\t\t\t\t<div class=\"elementor-element elementor-element-0f10f66 elementor-widget-divider--view-line_text elementor-widget-divider--element-align-left elementor-widget elementor-widget-divider\" data-id=\"0f10f66\" data-element_type=\"widget\" data-e-type=\"widget\" data-widget_type=\"divider.default\">\n\t\t\t\t<div class=\"elementor-widget-container\">\n\t\t\t\t\t\t\t<div class=\"elementor-divider\">\n\t\t\t<span class=\"elementor-divider-separator\">\n\t\t\t\t\t\t\t<span class=\"elementor-divider__text elementor-divider__element\">\n\t\t\t\tAzim Socks\t\t\t\t<\/span>\n\t\t\t\t\t\t<\/span>\n\t\t<\/div>\n\t\t\t\t\t\t<\/div>\n\t\t\t\t<\/div>\n\t\t\t\t<div class=\"elementor-element elementor-element-c94a0ed elementor-widget elementor-widget-heading\" data-id=\"c94a0ed\" data-element_type=\"widget\" data-e-type=\"widget\" data-widget_type=\"heading.default\">\n\t\t\t\t<div class=\"elementor-widget-container\">\n\t\t\t\t\t<h2 class=\"elementor-heading-title elementor-size-default\">Phasen der Produktion<\/h2>\t\t\t\t<\/div>\n\t\t\t\t<\/div>\n\t\t\t\t\t<\/div>\n\t\t<\/div>\n\t\t\t\t<div class=\"elementor-column elementor-col-50 elementor-inner-column elementor-element elementor-element-99c7ecb\" data-id=\"99c7ecb\" data-element_type=\"column\" data-e-type=\"column\">\n\t\t\t<div class=\"elementor-widget-wrap elementor-element-populated\">\n\t\t\t\t\t\t<div class=\"elementor-element elementor-element-4449c22 elementor-widget elementor-widget-text-editor\" data-id=\"4449c22\" data-element_type=\"widget\" data-e-type=\"widget\" data-widget_type=\"text-editor.default\">\n\t\t\t\t<div class=\"elementor-widget-container\">\n\t\t\t\t\t\t\t\t\t<p>Im Folgenden haben wir f\u00fcr Sie den gesamten Produktionsprozess unserer Socken aufgelistet.<\/p>\n\t\t\t\t\t\t\t\t<\/div>\n\t\t\t\t<\/div>\n\t\t\t\t\t<\/div>\n\t\t<\/div>\n\t\t\t\t\t<\/div>\n\t\t<\/section>\n\t\t\t\t<div class=\"elementor-element elementor-element-1e1ad9c elementor-widget elementor-widget-swp-timeline-four\" data-id=\"1e1ad9c\" data-element_type=\"widget\" data-e-type=\"widget\" data-widget_type=\"swp-timeline-four.default\">\n\t\t\t\t<div class=\"elementor-widget-container\">\n\t\t\t\t\t\r\n    <!-- timeline Card 15 -->\r\n    <section class=\"swp-timeline-area style-15\">\r\n        <div class=\"swp-container\">\r\n\r\n            <div class=\"swp-relative\">\r\n                <div class=\"swp-timeline-line-height-top\"><\/div>\r\n                <div class=\"swp-timeline-slider-1 owl-nav-style-icon owl-carousel\">\r\n                                            <div class=\"item\">\r\n                            <div class=\"swp-single-inner-wrap style-15\">\r\n                                <div class=\"swp-single-inner style-2 swp-angle-left-circle swp-angle-left-circle-date\">\r\n                                                                        <div class=\"thumb\">\r\n                                        <img decoding=\"async\" src=\"https:\/\/azimsocks.com\/wp-content\/uploads\/2024\/01\/KK1.jpg\" alt=\"Laboratuvar\">\r\n                                    <\/div>\r\n                                    <div class=\"content-box\">\r\n                                                                                <h5 class=\"inner-title\">\r\n                                                                                            <a href=\"#\">Schritt 1.<\/a>\r\n                                                                                    <\/h5>\r\n                                        <p class=\"content\">LABORATORIUM<\/p>\r\n                                    <\/div>\r\n                                <\/div>\r\n                            <\/div>\r\n                        <\/div>\r\n                                            <div class=\"item\">\r\n                            <div class=\"swp-single-inner-wrap style-15\">\r\n                                <div class=\"swp-single-inner style-2 swp-angle-left-circle swp-angle-left-circle-date\">\r\n                                                                        <div class=\"thumb\">\r\n                                        <img decoding=\"async\" src=\"https:\/\/azimsocks.com\/wp-content\/uploads\/2024\/04\/Orgu.jpg\" alt=\"Makine dairesi\">\r\n                                    <\/div>\r\n                                    <div class=\"content-box\">\r\n                                                                                <h5 class=\"inner-title\">\r\n                                                                                            <a href=\"#\">Schritt 2.<\/a>\r\n                                                                                    <\/h5>\r\n                                        <p class=\"content\">STRICKEN<\/p>\r\n                                    <\/div>\r\n                                <\/div>\r\n                            <\/div>\r\n                        <\/div>\r\n                                            <div class=\"item\">\r\n                            <div class=\"swp-single-inner-wrap style-15\">\r\n                                <div class=\"swp-single-inner style-2 swp-angle-left-circle swp-angle-left-circle-date\">\r\n                                                                        <div class=\"thumb\">\r\n                                        <img decoding=\"async\" src=\"https:\/\/azimsocks.com\/wp-content\/uploads\/2024\/01\/And-Corap-Uretim-5.jpg\" alt=\"Burun Diki\u015f\">\r\n                                    <\/div>\r\n                                    <div class=\"content-box\">\r\n                                                                                <h5 class=\"inner-title\">\r\n                                                                                            <a href=\"#\">Schritt 3.<\/a>\r\n                                                                                    <\/h5>\r\n                                        <p class=\"content\">ZEHE N\u00c4HT<\/p>\r\n                                    <\/div>\r\n                                <\/div>\r\n                            <\/div>\r\n                        <\/div>\r\n                                            <div class=\"item\">\r\n                            <div class=\"swp-single-inner-wrap style-15\">\r\n                                <div class=\"swp-single-inner style-2 swp-angle-left-circle swp-angle-left-circle-date\">\r\n                                                                        <div class=\"thumb\">\r\n                                        <img decoding=\"async\" src=\"https:\/\/azimsocks.com\/wp-content\/uploads\/2024\/01\/KK7.jpg\" alt=\"Y\u0131kama\">\r\n                                    <\/div>\r\n                                    <div class=\"content-box\">\r\n                                                                                <h5 class=\"inner-title\">\r\n                                                                                            <a href=\"#\">Schritt 4.<\/a>\r\n                                                                                    <\/h5>\r\n                                        <p class=\"content\">WASCHEN<\/p>\r\n                                    <\/div>\r\n                                <\/div>\r\n                            <\/div>\r\n                        <\/div>\r\n                                            <div class=\"item\">\r\n                            <div class=\"swp-single-inner-wrap style-15\">\r\n                                <div class=\"swp-single-inner style-2 swp-angle-left-circle swp-angle-left-circle-date\">\r\n                                                                        <div class=\"thumb\">\r\n                                        <img decoding=\"async\" src=\"https:\/\/azimsocks.com\/wp-content\/uploads\/2024\/01\/And-Corap-Uretim-1.jpg\" alt=\"\u00dct\u00fc - Paketleme\">\r\n                                    <\/div>\r\n                                    <div class=\"content-box\">\r\n                                                                                <h5 class=\"inner-title\">\r\n                                                                                            <a href=\"#\">Schritt 5.<\/a>\r\n                                                                                    <\/h5>\r\n                                        <p class=\"content\">B\u00dcGELN UND VERPACKEN<\/p>\r\n                                    <\/div>\r\n                                <\/div>\r\n                            <\/div>\r\n                        <\/div>\r\n                                            <div class=\"item\">\r\n                            <div class=\"swp-single-inner-wrap style-15\">\r\n                                <div class=\"swp-single-inner style-2 swp-angle-left-circle swp-angle-left-circle-date\">\r\n                                                                        <div class=\"thumb\">\r\n                                        <img decoding=\"async\" src=\"https:\/\/azimsocks.com\/wp-content\/uploads\/2024\/01\/And-Corap-Uretim-6.jpg\" alt=\"Numune\">\r\n                                    <\/div>\r\n                                    <div class=\"content-box\">\r\n                                                                                <h5 class=\"inner-title\">\r\n                                                                                            <a href=\"#\">Schritt 6.<\/a>\r\n                                                                                    <\/h5>\r\n                                        <p class=\"content\">QUALIT\u00c4TSKONTROLLE<\/p>\r\n                                    <\/div>\r\n                                <\/div>\r\n                            <\/div>\r\n                        <\/div>\r\n                                            <div class=\"item\">\r\n                            <div class=\"swp-single-inner-wrap style-15\">\r\n                                <div class=\"swp-single-inner style-2 swp-angle-left-circle swp-angle-left-circle-date\">\r\n                                                                        <div class=\"thumb\">\r\n                                        <img decoding=\"async\" src=\"https:\/\/azimsocks.com\/wp-content\/uploads\/2024\/04\/Metal-Detektor-1.jpg\" alt=\"Metal Dedekt\u00f6r\">\r\n                                    <\/div>\r\n                                    <div class=\"content-box\">\r\n                                                                                <h5 class=\"inner-title\">\r\n                                                                                            <a href=\"#\">Schritt 7.<\/a>\r\n                                                                                    <\/h5>\r\n                                        <p class=\"content\">METALLDETEKTOR<\/p>\r\n                                    <\/div>\r\n                                <\/div>\r\n                            <\/div>\r\n                        <\/div>\r\n                                            <div class=\"item\">\r\n                            <div class=\"swp-single-inner-wrap style-15\">\r\n                                <div class=\"swp-single-inner style-2 swp-angle-left-circle swp-angle-left-circle-date\">\r\n                                                                        <div class=\"thumb\">\r\n                                        <img decoding=\"async\" src=\"https:\/\/azimsocks.com\/wp-content\/uploads\/2024\/01\/Depo-1.jpg\" alt=\"Depo\">\r\n                                    <\/div>\r\n                                    <div class=\"content-box\">\r\n                                                                                <h5 class=\"inner-title\">\r\n                                                                                            <a href=\"#\">Schritt 8.<\/a>\r\n                                                                                    <\/h5>\r\n                                        <p class=\"content\">LAGERUNG<\/p>\r\n                                    <\/div>\r\n                                <\/div>\r\n                            <\/div>\r\n                        <\/div>\r\n                                            <div class=\"item\">\r\n                            <div class=\"swp-single-inner-wrap style-15\">\r\n                                <div class=\"swp-single-inner style-2 swp-angle-left-circle swp-angle-left-circle-date\">\r\n                                                                        <div class=\"thumb\">\r\n                                        <img decoding=\"async\" src=\"https:\/\/azimsocks.com\/wp-content\/uploads\/2024\/04\/Depolama.jpg\" alt=\"Depo\">\r\n                                    <\/div>\r\n                                    <div class=\"content-box\">\r\n                                                                                <h5 class=\"inner-title\">\r\n                                                                                            <a href=\"#\">Schritt 9.<\/a>\r\n                                                                                    <\/h5>\r\n                                        <p class=\"content\">VERSAND<\/p>\r\n                                    <\/div>\r\n                                <\/div>\r\n                            <\/div>\r\n                        <\/div>\r\n                                    <\/div>\r\n            <\/div>\r\n        <\/div>\r\n    <\/section>\r\n    <!-- timeline Card 15 -->\r\n\r\n\t\t\t\t<\/div>\n\t\t\t\t<\/div>\n\t\t\t\t\t<\/div>\n\t\t<\/div>\n\t\t\t\t\t<\/div>\n\t\t<\/section>\n\t\t\t\t<\/div>\n\t\t","protected":false},"excerpt":{"rendered":"<p>Homepage Produktion Azim Socks Phasen der Produktion Im Folgenden haben wir f\u00fcr Sie den gesamten Produktionsprozess unserer Socken aufgelistet. Schritt 1. LABORATORIUM Schritt 2. STRICKEN Schritt 3. ZEHE N\u00c4HT Schritt 4. WASCHEN Schritt 5. B\u00dcGELN UND VERPACKEN Schritt 6. QUALIT\u00c4TSKONTROLLE Schritt 7. METALLDETEKTOR Schritt 8. LAGERUNG Schritt 9. VERSAND<\/p>\n","protected":false},"author":1,"featured_media":0,"parent":0,"menu_order":0,"comment_status":"closed","ping_status":"closed","template":"","meta":{"footnotes":""},"class_list":["post-1218","page","type-page","status-publish","hentry"],"_links":{"self":[{"href":"https:\/\/azimsocks.com\/de\/wp-json\/wp\/v2\/pages\/1218","targetHints":{"allow":["GET"]}}],"collection":[{"href":"https:\/\/azimsocks.com\/de\/wp-json\/wp\/v2\/pages"}],"about":[{"href":"https:\/\/azimsocks.com\/de\/wp-json\/wp\/v2\/types\/page"}],"author":[{"embeddable":true,"href":"https:\/\/azimsocks.com\/de\/wp-json\/wp\/v2\/users\/1"}],"replies":[{"embeddable":true,"href":"https:\/\/azimsocks.com\/de\/wp-json\/wp\/v2\/comments?post=1218"}],"version-history":[{"count":10,"href":"https:\/\/azimsocks.com\/de\/wp-json\/wp\/v2\/pages\/1218\/revisions"}],"predecessor-version":[{"id":1267,"href":"https:\/\/azimsocks.com\/de\/wp-json\/wp\/v2\/pages\/1218\/revisions\/1267"}],"wp:attachment":[{"href":"https:\/\/azimsocks.com\/de\/wp-json\/wp\/v2\/media?parent=1218"}],"curies":[{"name":"wp","href":"https:\/\/api.w.org\/{rel}","templated":true}]}}